{"id":1253,"date":"2022-06-14T16:14:59","date_gmt":"2022-06-14T13:14:59","guid":{"rendered":"https:\/\/logistis-thermi.gr\/nsrf-oaed-foerderprogramme\/"},"modified":"2025-02-06T14:39:07","modified_gmt":"2025-02-06T11:39:07","slug":"nsrf-oaed-foerderprogramme","status":"publish","type":"page","link":"https:\/\/logistis-thermi.gr\/de\/nsrf-oaed-foerderprogramme\/","title":{"rendered":"NSRF &#8211; OAED F\u00f6rderprogramme"},"content":{"rendered":"\t\t<div data-elementor-type=\"wp-page\" data-elementor-id=\"1253\" class=\"elementor elementor-1253 elementor-613\" data-elementor-post-type=\"page\">\n\t\t\t\t\t\t<section class=\"elementor-section elementor-top-section elementor-element elementor-element-1522d370 elementor-section-height-min-height elementor-section-boxed elementor-section-height-default elementor-section-items-middle\" data-id=\"1522d370\" data-element_type=\"section\" data-e-type=\"section\" data-settings=\"{&quot;background_background&quot;:&quot;classic&quot;}\">\n\t\t\t\t\t\t<div class=\"elementor-container elementor-column-gap-default\">\n\t\t\t\t\t<div class=\"elementor-column elementor-col-100 elementor-top-column elementor-element elementor-element-1c6ca6d7\" data-id=\"1c6ca6d7\" data-element_type=\"column\" data-e-type=\"column\">\n\t\t\t<div class=\"elementor-widget-wrap elementor-element-populated\">\n\t\t\t\t\t\t<div class=\"elementor-element elementor-element-11753cba elementor-widget elementor-widget-text-editor\" data-id=\"11753cba\" data-element_type=\"widget\" data-e-type=\"widget\" data-widget_type=\"text-editor.default\">\n\t\t\t\t<div class=\"elementor-widget-container\">\n\t\t\t\t\t\t\t\t\t<p>Buchhaltungsb\u00fcro<\/p>\n\t\t\t\t\t\t\t\t<\/div>\n\t\t\t\t<\/div>\n\t\t\t\t<div class=\"elementor-element elementor-element-3f3582d elementor-widget elementor-widget-heading\" data-id=\"3f3582d\" data-element_type=\"widget\" data-e-type=\"widget\" data-widget_type=\"heading.default\">\n\t\t\t\t<div class=\"elementor-widget-container\">\n\t\t\t\t\t<h2 class=\"elementor-heading-title elementor-size-default\">DIENSTLEISTUNGEN F\u00dcR UNTERNEHMEN<\/h2>\t\t\t\t<\/div>\n\t\t\t\t<\/div>\n\t\t\t\t\t<\/div>\n\t\t<\/div>\n\t\t\t\t\t<\/div>\n\t\t<\/section>\n\t\t\t\t<section class=\"elementor-section elementor-top-section elementor-element elementor-element-4f9daaf8 elementor-section-boxed elementor-section-height-default elementor-section-height-default\" data-id=\"4f9daaf8\" data-element_type=\"section\" data-e-type=\"section\">\n\t\t\t\t\t\t<div class=\"elementor-container elementor-column-gap-default\">\n\t\t\t\t\t<div class=\"elementor-column elementor-col-50 elementor-top-column elementor-element elementor-element-7352cfdf\" data-id=\"7352cfdf\" data-element_type=\"column\" data-e-type=\"column\">\n\t\t\t<div class=\"elementor-widget-wrap elementor-element-populated\">\n\t\t\t\t\t\t<div class=\"elementor-element elementor-element-2f0cc612 elementor-widget elementor-widget-heading\" data-id=\"2f0cc612\" data-element_type=\"widget\" data-e-type=\"widget\" data-widget_type=\"heading.default\">\n\t\t\t\t<div class=\"elementor-widget-container\">\n\t\t\t\t\t<h1 class=\"elementor-heading-title elementor-size-default\">NSRF - OAED F\u00f6rderprogramme<\/h1>\t\t\t\t<\/div>\n\t\t\t\t<\/div>\n\t\t\t\t\t<\/div>\n\t\t<\/div>\n\t\t\t\t<div class=\"elementor-column elementor-col-50 elementor-top-column elementor-element elementor-element-63456684\" data-id=\"63456684\" data-element_type=\"column\" data-e-type=\"column\">\n\t\t\t<div class=\"elementor-widget-wrap elementor-element-populated\">\n\t\t\t\t\t\t<div class=\"elementor-element elementor-element-5e9ae8d6 elementor-widget elementor-widget-text-editor\" data-id=\"5e9ae8d6\" data-element_type=\"widget\" data-e-type=\"widget\" data-widget_type=\"text-editor.default\">\n\t\t\t\t<div class=\"elementor-widget-container\">\n\t\t\t\t\t\t\t\t\t<p>Wir bieten umfassende Beratungsunterst\u00fctzung, detailliert f\u00fcr jeden Fall, entsprechend den Besonderheiten jedes Programms, und unser Ziel ist es, alle M\u00f6glichkeiten der Programme optimal zu nutzen.<br \/>\nDurch die Aufrechterhaltung eines kontinuierlichen Informationsflusses zu allen Finanzierungsprogrammen bieten wir hervorragende Buchhaltungsunterst\u00fctzung und vollst\u00e4ndige Verwaltung in Bezug auf genehmigte oder neue Investitionsvorschl\u00e4ge. Unser Ziel ist es, dass Sie immer an der Spitze der Informationen \u00fcber die M\u00f6glichkeiten der Nutzung der Programme stehen, die zur finanziellen St\u00e4rkung Ihres Unternehmens beitragen.<\/p>\n\t\t\t\t\t\t\t\t<\/div>\n\t\t\t\t<\/div>\n\t\t\t\t\t<\/div>\n\t\t<\/div>\n\t\t\t\t\t<\/div>\n\t\t<\/section>\n\t\t\t\t<section class=\"elementor-section elementor-top-section elementor-element elementor-element-3cd2113 elementor-section-boxed elementor-section-height-default elementor-section-height-default\" data-id=\"3cd2113\" data-element_type=\"section\" data-e-type=\"section\">\n\t\t\t\t\t\t<div class=\"elementor-container elementor-column-gap-default\">\n\t\t\t\t\t<div class=\"elementor-column elementor-col-50 elementor-top-column elementor-element elementor-element-0f54bb8\" data-id=\"0f54bb8\" data-element_type=\"column\" data-e-type=\"column\">\n\t\t\t<div class=\"elementor-widget-wrap elementor-element-populated\">\n\t\t\t\t\t\t<div class=\"elementor-element elementor-element-58e5aba elementor-widget elementor-widget-heading\" data-id=\"58e5aba\" data-element_type=\"widget\" data-e-type=\"widget\" data-widget_type=\"heading.default\">\n\t\t\t\t<div class=\"elementor-widget-container\">\n\t\t\t\t\t<p class=\"elementor-heading-title elementor-size-default\">Wir \u00fcbernehmen: <\/p>\t\t\t\t<\/div>\n\t\t\t\t<\/div>\n\t\t\t\t\t<\/div>\n\t\t<\/div>\n\t\t\t\t<div class=\"elementor-column elementor-col-50 elementor-top-column elementor-element elementor-element-8af97f2\" data-id=\"8af97f2\" data-element_type=\"column\" data-e-type=\"column\">\n\t\t\t<div class=\"elementor-widget-wrap elementor-element-populated\">\n\t\t\t\t\t\t<div class=\"elementor-element elementor-element-5395a29 elementor-icon-list--layout-traditional elementor-list-item-link-full_width elementor-widget elementor-widget-icon-list\" data-id=\"5395a29\" data-element_type=\"widget\" data-e-type=\"widget\" data-widget_type=\"icon-list.default\">\n\t\t\t\t<div class=\"elementor-widget-container\">\n\t\t\t\t\t\t\t<ul class=\"elementor-icon-list-items\">\n\t\t\t\t\t\t\t<li class=\"elementor-icon-list-item\">\n\t\t\t\t\t\t\t\t\t\t\t<span class=\"elementor-icon-list-icon\">\n\t\t\t\t\t\t\t<i aria-hidden=\"true\" class=\"fas fa-check\"><\/i>\t\t\t\t\t\t<\/span>\n\t\t\t\t\t\t\t\t\t\t<span class=\"elementor-icon-list-text\">die Erstellung einer techno-\u00f6konomischen Studie<\/span>\n\t\t\t\t\t\t\t\t\t<\/li>\n\t\t\t\t\t\t\t\t<li class=\"elementor-icon-list-item\">\n\t\t\t\t\t\t\t\t\t\t\t<span class=\"elementor-icon-list-icon\">\n\t\t\t\t\t\t\t<i aria-hidden=\"true\" class=\"fas fa-check\"><\/i>\t\t\t\t\t\t<\/span>\n\t\t\t\t\t\t\t\t\t\t<span class=\"elementor-icon-list-text\">die Sammlung und die \u00dcberpr\u00fcfung der erforderlichen Unterlagen <\/span>\n\t\t\t\t\t\t\t\t\t<\/li>\n\t\t\t\t\t\t\t\t<li class=\"elementor-icon-list-item\">\n\t\t\t\t\t\t\t\t\t\t\t<span class=\"elementor-icon-list-icon\">\n\t\t\t\t\t\t\t<i aria-hidden=\"true\" class=\"fas fa-check\"><\/i>\t\t\t\t\t\t<\/span>\n\t\t\t\t\t\t\t\t\t\t<span class=\"elementor-icon-list-text\">die Einreichung des Investitionsantrags<\/span>\n\t\t\t\t\t\t\t\t\t<\/li>\n\t\t\t\t\t\t\t\t<li class=\"elementor-icon-list-item\">\n\t\t\t\t\t\t\t\t\t\t\t<span class=\"elementor-icon-list-icon\">\n\t\t\t\t\t\t\t<i aria-hidden=\"true\" class=\"fas fa-check\"><\/i>\t\t\t\t\t\t<\/span>\n\t\t\t\t\t\t\t\t\t\t<span class=\"elementor-icon-list-text\">die Aufsicht \u00fcber Ihre Investition in allen Phasen<\/span>\n\t\t\t\t\t\t\t\t\t<\/li>\n\t\t\t\t\t\t\t\t<li class=\"elementor-icon-list-item\">\n\t\t\t\t\t\t\t\t\t\t\t<span class=\"elementor-icon-list-icon\">\n\t\t\t\t\t\t\t<i aria-hidden=\"true\" class=\"fas fa-check\"><\/i>\t\t\t\t\t\t<\/span>\n\t\t\t\t\t\t\t\t\t\t<span class=\"elementor-icon-list-text\">die Verwaltung bis zur Vollendung des Programms <\/span>\n\t\t\t\t\t\t\t\t\t<\/li>\n\t\t\t\t\t\t<\/ul>\n\t\t\t\t\t\t<\/div>\n\t\t\t\t<\/div>\n\t\t\t\t\t<\/div>\n\t\t<\/div>\n\t\t\t\t\t<\/div>\n\t\t<\/section>\n\t\t\t\t<section class=\"elementor-section elementor-top-section elementor-element elementor-element-2d5e4c8 elementor-section-full_width elementor-section-height-default elementor-section-height-default\" data-id=\"2d5e4c8\" data-element_type=\"section\" data-e-type=\"section\">\n\t\t\t\t\t\t<div class=\"elementor-container elementor-column-gap-default\">\n\t\t\t\t\t<div class=\"elementor-column elementor-col-100 elementor-top-column elementor-element elementor-element-dfe28a7\" data-id=\"dfe28a7\" data-element_type=\"column\" data-e-type=\"column\">\n\t\t\t<div class=\"elementor-widget-wrap elementor-element-populated\">\n\t\t\t\t\t\t<div class=\"elementor-element elementor-element-a2896a9 elementor-widget elementor-widget-image\" data-id=\"a2896a9\" data-element_type=\"widget\" data-e-type=\"widget\" data-widget_type=\"image.default\">\n\t\t\t\t<div class=\"elementor-widget-container\">\n\t\t\t\t\t\t\t\t\t\t\t\t\t\t\t<img fetchpriority=\"high\" decoding=\"async\" width=\"779\" height=\"200\" src=\"https:\/\/logistis-thermi.gr\/wp-content\/uploads\/2022\/06\/espalogo.png\" class=\"attachment-large size-large wp-image-1156\" alt=\"\" srcset=\"https:\/\/logistis-thermi.gr\/wp-content\/uploads\/2022\/06\/espalogo.png 779w, https:\/\/logistis-thermi.gr\/wp-content\/uploads\/2022\/06\/espalogo-300x77.png 300w, https:\/\/logistis-thermi.gr\/wp-content\/uploads\/2022\/06\/espalogo-768x197.png 768w\" sizes=\"(max-width: 779px) 100vw, 779px\" \/>\t\t\t\t\t\t\t\t\t\t\t\t\t\t\t<\/div>\n\t\t\t\t<\/div>\n\t\t\t\t\t<\/div>\n\t\t<\/div>\n\t\t\t\t\t<\/div>\n\t\t<\/section>\n\t\t\t\t<section class=\"elementor-section elementor-top-section elementor-element elementor-element-17eaac5 elementor-section-boxed elementor-section-height-default elementor-section-height-default\" data-id=\"17eaac5\" data-element_type=\"section\" data-e-type=\"section\">\n\t\t\t\t\t\t<div class=\"elementor-container elementor-column-gap-default\">\n\t\t\t\t\t<div class=\"elementor-column elementor-col-100 elementor-top-column elementor-element elementor-element-3677b99\" data-id=\"3677b99\" data-element_type=\"column\" data-e-type=\"column\">\n\t\t\t<div class=\"elementor-widget-wrap elementor-element-populated\">\n\t\t\t\t\t\t<div class=\"elementor-element elementor-element-e72d5cc elementor-widget__width-initial elementor-fixed elementor-widget elementor-widget-button\" data-id=\"e72d5cc\" data-element_type=\"widget\" data-e-type=\"widget\" data-settings=\"{&quot;_position&quot;:&quot;fixed&quot;}\" data-widget_type=\"button.default\">\n\t\t\t\t<div class=\"elementor-widget-container\">\n\t\t\t\t\t\t\t\t\t<div class=\"elementor-button-wrapper\">\n\t\t\t\t\t<a class=\"elementor-button elementor-button-link elementor-size-sm\" href=\"#elementor-action%3Aaction%3Dpopup%3Aopen%26settings%3DeyJpZCI6MTIwMywidG9nZ2xlIjpmYWxzZX0%3D\">\n\t\t\t\t\t\t<span class=\"elementor-button-content-wrapper\">\n\t\t\t\t\t\t<span class=\"elementor-button-icon\">\n\t\t\t\t<i aria-hidden=\"true\" class=\"fas fa-envelope\"><\/i>\t\t\t<\/span>\n\t\t\t\t\t\t\t\t<\/span>\n\t\t\t\t\t<\/a>\n\t\t\t\t<\/div>\n\t\t\t\t\t\t\t\t<\/div>\n\t\t\t\t<\/div>\n\t\t\t\t\t<\/div>\n\t\t<\/div>\n\t\t\t\t\t<\/div>\n\t\t<\/section>\n\t\t\t\t<\/div>\n\t\t","protected":false},"excerpt":{"rendered":"<p>Buchhaltungsb\u00fcro DIENSTLEISTUNGEN F\u00dcR UNTERNEHMEN NSRF &#8211; OAED F\u00f6rderprogramme Wir bieten umfassende Beratungsunterst\u00fctzung, detailliert f\u00fcr jeden Fall, entsprechend den Besonderheiten jedes Programms, und unser Ziel ist es, alle M\u00f6glichkeiten der Programme optimal zu nutzen. Durch die Aufrechterhaltung eines kontinuierlichen Informationsflusses zu allen Finanzierungsprogrammen bieten wir hervorragende Buchhaltungsunterst\u00fctzung und vollst\u00e4ndige Verwaltung in Bezug auf genehmigte oder neue [&hellip;]<\/p>\n","protected":false},"author":1,"featured_media":0,"parent":0,"menu_order":0,"comment_status":"closed","ping_status":"closed","template":"elementor_header_footer","meta":{"footnotes":""},"class_list":["post-1253","page","type-page","status-publish","hentry"],"yoast_head":"<!-- This site is optimized with the Yoast SEO plugin v27.2 - https:\/\/yoast.com\/product\/yoast-seo-wordpress\/ -->\n<title>NSRF - OAED F\u00f6rderprogramme - \u039b\u03bf\u03b3\u03b9\u03c3\u03c4\u03ae\u03c2 \u0398\u03ad\u03c1\u03bc\u03b7 - \u039b\u03bf\u03b3\u03b9\u03c3\u03c4\u03b9\u03ba\u03cc \u0393\u03c1\u03b1\u03c6\u03b5\u03af\u03bf \u0393\u03c1\u03b7\u03b3\u03bf\u03c1\u03b9\u03ac\u03b4\u03bf\u03c5 \u039a\u03c9\u03bd\u03c3\u03c4\u03b1\u03bd\u03c4\u03af\u03bd\u03b1<\/title>\n<meta name=\"description\" content=\"NSRF - OAED F\u00f6rderprogramme. Wir bieten umfassende Beratungsunterst\u00fctzung, detailliert f\u00fcr jeden Fall.\" \/>\n<meta name=\"robots\" content=\"index, follow, max-snippet:-1, max-image-preview:large, max-video-preview:-1\" \/>\n<link rel=\"canonical\" href=\"https:\/\/logistis-thermi.gr\/programmata-espa\/\" \/>\n<meta property=\"og:locale\" content=\"de_DE\" \/>\n<meta property=\"og:type\" content=\"article\" \/>\n<meta property=\"og:title\" content=\"NSRF - OAED F\u00f6rderprogramme - \u039b\u03bf\u03b3\u03b9\u03c3\u03c4\u03ae\u03c2 \u0398\u03ad\u03c1\u03bc\u03b7 - \u039b\u03bf\u03b3\u03b9\u03c3\u03c4\u03b9\u03ba\u03cc \u0393\u03c1\u03b1\u03c6\u03b5\u03af\u03bf \u0393\u03c1\u03b7\u03b3\u03bf\u03c1\u03b9\u03ac\u03b4\u03bf\u03c5 \u039a\u03c9\u03bd\u03c3\u03c4\u03b1\u03bd\u03c4\u03af\u03bd\u03b1\" \/>\n<meta property=\"og:description\" content=\"NSRF - OAED F\u00f6rderprogramme. Wir bieten umfassende Beratungsunterst\u00fctzung, detailliert f\u00fcr jeden Fall.\" \/>\n<meta property=\"og:url\" content=\"https:\/\/logistis-thermi.gr\/programmata-espa\/\" \/>\n<meta property=\"og:site_name\" content=\"\u039b\u03bf\u03b3\u03b9\u03c3\u03c4\u03ae\u03c2 \u0398\u03ad\u03c1\u03bc\u03b7 - \u039b\u03bf\u03b3\u03b9\u03c3\u03c4\u03b9\u03ba\u03cc \u0393\u03c1\u03b1\u03c6\u03b5\u03af\u03bf \u0393\u03c1\u03b7\u03b3\u03bf\u03c1\u03b9\u03ac\u03b4\u03bf\u03c5 \u039a\u03c9\u03bd\u03c3\u03c4\u03b1\u03bd\u03c4\u03af\u03bd\u03b1\" \/>\n<meta property=\"article:modified_time\" content=\"2025-02-06T11:39:07+00:00\" \/>\n<meta property=\"og:image\" content=\"https:\/\/logistis-thermi.gr\/wp-content\/uploads\/2022\/06\/espalogo.png\" \/>\n\t<meta property=\"og:image:width\" content=\"779\" \/>\n\t<meta property=\"og:image:height\" content=\"200\" \/>\n\t<meta property=\"og:image:type\" content=\"image\/png\" \/>\n<meta name=\"twitter:card\" content=\"summary_large_image\" \/>\n<meta name=\"twitter:label1\" content=\"Gesch\u00e4tzte Lesezeit\" \/>\n\t<meta name=\"twitter:data1\" content=\"1\u00a0Minute\" \/>\n<script type=\"application\/ld+json\" class=\"yoast-schema-graph\">{\"@context\":\"https:\/\/schema.org\",\"@graph\":[{\"@type\":\"WebPage\",\"@id\":\"https:\/\/logistis-thermi.gr\/programmata-espa\/\",\"url\":\"https:\/\/logistis-thermi.gr\/programmata-espa\/\",\"name\":\"NSRF - OAED F\u00f6rderprogramme - \u039b\u03bf\u03b3\u03b9\u03c3\u03c4\u03ae\u03c2 \u0398\u03ad\u03c1\u03bc\u03b7 - \u039b\u03bf\u03b3\u03b9\u03c3\u03c4\u03b9\u03ba\u03cc \u0393\u03c1\u03b1\u03c6\u03b5\u03af\u03bf \u0393\u03c1\u03b7\u03b3\u03bf\u03c1\u03b9\u03ac\u03b4\u03bf\u03c5 \u039a\u03c9\u03bd\u03c3\u03c4\u03b1\u03bd\u03c4\u03af\u03bd\u03b1\",\"isPartOf\":{\"@id\":\"https:\/\/logistis-thermi.gr\/#website\"},\"primaryImageOfPage\":{\"@id\":\"https:\/\/logistis-thermi.gr\/programmata-espa\/#primaryimage\"},\"image\":{\"@id\":\"https:\/\/logistis-thermi.gr\/programmata-espa\/#primaryimage\"},\"thumbnailUrl\":\"https:\/\/logistis-thermi.gr\/wp-content\/uploads\/2022\/06\/espalogo.png\",\"datePublished\":\"2022-06-14T13:14:59+00:00\",\"dateModified\":\"2025-02-06T11:39:07+00:00\",\"description\":\"NSRF - OAED F\u00f6rderprogramme. Wir bieten umfassende Beratungsunterst\u00fctzung, detailliert f\u00fcr jeden Fall.\",\"breadcrumb\":{\"@id\":\"https:\/\/logistis-thermi.gr\/programmata-espa\/#breadcrumb\"},\"inLanguage\":\"de\",\"potentialAction\":[{\"@type\":\"ReadAction\",\"target\":[\"https:\/\/logistis-thermi.gr\/programmata-espa\/\"]}]},{\"@type\":\"ImageObject\",\"inLanguage\":\"de\",\"@id\":\"https:\/\/logistis-thermi.gr\/programmata-espa\/#primaryimage\",\"url\":\"https:\/\/logistis-thermi.gr\/wp-content\/uploads\/2022\/06\/espalogo.png\",\"contentUrl\":\"https:\/\/logistis-thermi.gr\/wp-content\/uploads\/2022\/06\/espalogo.png\"},{\"@type\":\"BreadcrumbList\",\"@id\":\"https:\/\/logistis-thermi.gr\/programmata-espa\/#breadcrumb\",\"itemListElement\":[{\"@type\":\"ListItem\",\"position\":1,\"name\":\"\u0391\u03c1\u03c7\u03b9\u03ba\u03ae\",\"item\":\"https:\/\/logistis-thermi.gr\/de\/\"},{\"@type\":\"ListItem\",\"position\":2,\"name\":\"NSRF &#8211; OAED F\u00f6rderprogramme\"}]},{\"@type\":\"WebSite\",\"@id\":\"https:\/\/logistis-thermi.gr\/#website\",\"url\":\"https:\/\/logistis-thermi.gr\/\",\"name\":\"\u039b\u03bf\u03b3\u03b9\u03c3\u03c4\u03ae\u03c2 \u0398\u03ad\u03c1\u03bc\u03b7 - \u039b\u03bf\u03b3\u03b9\u03c3\u03c4\u03b9\u03ba\u03cc \u0393\u03c1\u03b1\u03c6\u03b5\u03af\u03bf \u0393\u03c1\u03b7\u03b3\u03bf\u03c1\u03b9\u03ac\u03b4\u03bf\u03c5 \u039a\u03c9\u03bd\u03c3\u03c4\u03b1\u03bd\u03c4\u03af\u03bd\u03b1\",\"description\":\"\u03a6\u03bf\u03c1\u03bf\u03bb\u03bf\u03b3\u03b9\u03ba\u03ad\u03c2 \u0394\u03b7\u03bb\u03ce\u03c3\u03b5\u03b9\u03c2\",\"potentialAction\":[{\"@type\":\"SearchAction\",\"target\":{\"@type\":\"EntryPoint\",\"urlTemplate\":\"https:\/\/logistis-thermi.gr\/?s={search_term_string}\"},\"query-input\":{\"@type\":\"PropertyValueSpecification\",\"valueRequired\":true,\"valueName\":\"search_term_string\"}}],\"inLanguage\":\"de\"}]}<\/script>\n<!-- \/ Yoast SEO plugin. -->","yoast_head_json":{"title":"NSRF - OAED F\u00f6rderprogramme - \u039b\u03bf\u03b3\u03b9\u03c3\u03c4\u03ae\u03c2 \u0398\u03ad\u03c1\u03bc\u03b7 - \u039b\u03bf\u03b3\u03b9\u03c3\u03c4\u03b9\u03ba\u03cc \u0393\u03c1\u03b1\u03c6\u03b5\u03af\u03bf \u0393\u03c1\u03b7\u03b3\u03bf\u03c1\u03b9\u03ac\u03b4\u03bf\u03c5 \u039a\u03c9\u03bd\u03c3\u03c4\u03b1\u03bd\u03c4\u03af\u03bd\u03b1","description":"NSRF - OAED F\u00f6rderprogramme. Wir bieten umfassende Beratungsunterst\u00fctzung, detailliert f\u00fcr jeden Fall.","robots":{"index":"index","follow":"follow","max-snippet":"max-snippet:-1","max-image-preview":"max-image-preview:large","max-video-preview":"max-video-preview:-1"},"canonical":"https:\/\/logistis-thermi.gr\/programmata-espa\/","og_locale":"de_DE","og_type":"article","og_title":"NSRF - OAED F\u00f6rderprogramme - \u039b\u03bf\u03b3\u03b9\u03c3\u03c4\u03ae\u03c2 \u0398\u03ad\u03c1\u03bc\u03b7 - \u039b\u03bf\u03b3\u03b9\u03c3\u03c4\u03b9\u03ba\u03cc \u0393\u03c1\u03b1\u03c6\u03b5\u03af\u03bf \u0393\u03c1\u03b7\u03b3\u03bf\u03c1\u03b9\u03ac\u03b4\u03bf\u03c5 \u039a\u03c9\u03bd\u03c3\u03c4\u03b1\u03bd\u03c4\u03af\u03bd\u03b1","og_description":"NSRF - OAED F\u00f6rderprogramme. Wir bieten umfassende Beratungsunterst\u00fctzung, detailliert f\u00fcr jeden Fall.","og_url":"https:\/\/logistis-thermi.gr\/programmata-espa\/","og_site_name":"\u039b\u03bf\u03b3\u03b9\u03c3\u03c4\u03ae\u03c2 \u0398\u03ad\u03c1\u03bc\u03b7 - \u039b\u03bf\u03b3\u03b9\u03c3\u03c4\u03b9\u03ba\u03cc \u0393\u03c1\u03b1\u03c6\u03b5\u03af\u03bf \u0393\u03c1\u03b7\u03b3\u03bf\u03c1\u03b9\u03ac\u03b4\u03bf\u03c5 \u039a\u03c9\u03bd\u03c3\u03c4\u03b1\u03bd\u03c4\u03af\u03bd\u03b1","article_modified_time":"2025-02-06T11:39:07+00:00","og_image":[{"width":779,"height":200,"url":"https:\/\/logistis-thermi.gr\/wp-content\/uploads\/2022\/06\/espalogo.png","type":"image\/png"}],"twitter_card":"summary_large_image","twitter_misc":{"Gesch\u00e4tzte Lesezeit":"1\u00a0Minute"},"schema":{"@context":"https:\/\/schema.org","@graph":[{"@type":"WebPage","@id":"https:\/\/logistis-thermi.gr\/programmata-espa\/","url":"https:\/\/logistis-thermi.gr\/programmata-espa\/","name":"NSRF - OAED F\u00f6rderprogramme - \u039b\u03bf\u03b3\u03b9\u03c3\u03c4\u03ae\u03c2 \u0398\u03ad\u03c1\u03bc\u03b7 - \u039b\u03bf\u03b3\u03b9\u03c3\u03c4\u03b9\u03ba\u03cc \u0393\u03c1\u03b1\u03c6\u03b5\u03af\u03bf \u0393\u03c1\u03b7\u03b3\u03bf\u03c1\u03b9\u03ac\u03b4\u03bf\u03c5 \u039a\u03c9\u03bd\u03c3\u03c4\u03b1\u03bd\u03c4\u03af\u03bd\u03b1","isPartOf":{"@id":"https:\/\/logistis-thermi.gr\/#website"},"primaryImageOfPage":{"@id":"https:\/\/logistis-thermi.gr\/programmata-espa\/#primaryimage"},"image":{"@id":"https:\/\/logistis-thermi.gr\/programmata-espa\/#primaryimage"},"thumbnailUrl":"https:\/\/logistis-thermi.gr\/wp-content\/uploads\/2022\/06\/espalogo.png","datePublished":"2022-06-14T13:14:59+00:00","dateModified":"2025-02-06T11:39:07+00:00","description":"NSRF - OAED F\u00f6rderprogramme. Wir bieten umfassende Beratungsunterst\u00fctzung, detailliert f\u00fcr jeden Fall.","breadcrumb":{"@id":"https:\/\/logistis-thermi.gr\/programmata-espa\/#breadcrumb"},"inLanguage":"de","potentialAction":[{"@type":"ReadAction","target":["https:\/\/logistis-thermi.gr\/programmata-espa\/"]}]},{"@type":"ImageObject","inLanguage":"de","@id":"https:\/\/logistis-thermi.gr\/programmata-espa\/#primaryimage","url":"https:\/\/logistis-thermi.gr\/wp-content\/uploads\/2022\/06\/espalogo.png","contentUrl":"https:\/\/logistis-thermi.gr\/wp-content\/uploads\/2022\/06\/espalogo.png"},{"@type":"BreadcrumbList","@id":"https:\/\/logistis-thermi.gr\/programmata-espa\/#breadcrumb","itemListElement":[{"@type":"ListItem","position":1,"name":"\u0391\u03c1\u03c7\u03b9\u03ba\u03ae","item":"https:\/\/logistis-thermi.gr\/de\/"},{"@type":"ListItem","position":2,"name":"NSRF &#8211; OAED F\u00f6rderprogramme"}]},{"@type":"WebSite","@id":"https:\/\/logistis-thermi.gr\/#website","url":"https:\/\/logistis-thermi.gr\/","name":"\u039b\u03bf\u03b3\u03b9\u03c3\u03c4\u03ae\u03c2 \u0398\u03ad\u03c1\u03bc\u03b7 - \u039b\u03bf\u03b3\u03b9\u03c3\u03c4\u03b9\u03ba\u03cc \u0393\u03c1\u03b1\u03c6\u03b5\u03af\u03bf \u0393\u03c1\u03b7\u03b3\u03bf\u03c1\u03b9\u03ac\u03b4\u03bf\u03c5 \u039a\u03c9\u03bd\u03c3\u03c4\u03b1\u03bd\u03c4\u03af\u03bd\u03b1","description":"\u03a6\u03bf\u03c1\u03bf\u03bb\u03bf\u03b3\u03b9\u03ba\u03ad\u03c2 \u0394\u03b7\u03bb\u03ce\u03c3\u03b5\u03b9\u03c2","potentialAction":[{"@type":"SearchAction","target":{"@type":"EntryPoint","urlTemplate":"https:\/\/logistis-thermi.gr\/?s={search_term_string}"},"query-input":{"@type":"PropertyValueSpecification","valueRequired":true,"valueName":"search_term_string"}}],"inLanguage":"de"}]}},"_links":{"self":[{"href":"https:\/\/logistis-thermi.gr\/de\/wp-json\/wp\/v2\/pages\/1253","targetHints":{"allow":["GET"]}}],"collection":[{"href":"https:\/\/logistis-thermi.gr\/de\/wp-json\/wp\/v2\/pages"}],"about":[{"href":"https:\/\/logistis-thermi.gr\/de\/wp-json\/wp\/v2\/types\/page"}],"author":[{"embeddable":true,"href":"https:\/\/logistis-thermi.gr\/de\/wp-json\/wp\/v2\/users\/1"}],"replies":[{"embeddable":true,"href":"https:\/\/logistis-thermi.gr\/de\/wp-json\/wp\/v2\/comments?post=1253"}],"version-history":[{"count":1,"href":"https:\/\/logistis-thermi.gr\/de\/wp-json\/wp\/v2\/pages\/1253\/revisions"}],"predecessor-version":[{"id":1254,"href":"https:\/\/logistis-thermi.gr\/de\/wp-json\/wp\/v2\/pages\/1253\/revisions\/1254"}],"wp:attachment":[{"href":"https:\/\/logistis-thermi.gr\/de\/wp-json\/wp\/v2\/media?parent=1253"}],"curies":[{"name":"wp","href":"https:\/\/api.w.org\/{rel}","templated":true}]}}