{"id":1245,"date":"2022-06-14T16:20:53","date_gmt":"2022-06-14T13:20:53","guid":{"rendered":"https:\/\/logistis-thermi.gr\/bau-und-ingenieurbauwerke\/"},"modified":"2025-02-06T14:27:37","modified_gmt":"2025-02-06T11:27:37","slug":"bau-und-ingenieurbauwerke","status":"publish","type":"page","link":"https:\/\/logistis-thermi.gr\/de\/bau-und-ingenieurbauwerke\/","title":{"rendered":"Bau- und Ingenieurbauwerke"},"content":{"rendered":"\t\t<div data-elementor-type=\"wp-page\" data-elementor-id=\"1245\" class=\"elementor elementor-1245 elementor-628\" data-elementor-post-type=\"page\">\n\t\t\t\t\t\t<section class=\"elementor-section elementor-top-section elementor-element elementor-element-1522d370 elementor-section-height-min-height elementor-section-boxed elementor-section-height-default elementor-section-items-middle\" data-id=\"1522d370\" data-element_type=\"section\" data-e-type=\"section\" data-settings=\"{&quot;background_background&quot;:&quot;classic&quot;}\">\n\t\t\t\t\t\t<div class=\"elementor-container elementor-column-gap-default\">\n\t\t\t\t\t<div class=\"elementor-column elementor-col-100 elementor-top-column elementor-element elementor-element-1c6ca6d7\" data-id=\"1c6ca6d7\" data-element_type=\"column\" data-e-type=\"column\">\n\t\t\t<div class=\"elementor-widget-wrap elementor-element-populated\">\n\t\t\t\t\t\t<div class=\"elementor-element elementor-element-11753cba elementor-widget elementor-widget-text-editor\" data-id=\"11753cba\" data-element_type=\"widget\" data-e-type=\"widget\" data-widget_type=\"text-editor.default\">\n\t\t\t\t<div class=\"elementor-widget-container\">\n\t\t\t\t\t\t\t\t\t<p>Buchhaltungsb\u00fcro<\/p>\n\t\t\t\t\t\t\t\t<\/div>\n\t\t\t\t<\/div>\n\t\t\t\t<div class=\"elementor-element elementor-element-3f3582d elementor-widget elementor-widget-heading\" data-id=\"3f3582d\" data-element_type=\"widget\" data-e-type=\"widget\" data-widget_type=\"heading.default\">\n\t\t\t\t<div class=\"elementor-widget-container\">\n\t\t\t\t\t<h2 class=\"elementor-heading-title elementor-size-default\">DIENSTLEISTUNGEN F\u00dcR UNTERNEHMEN<\/h2>\t\t\t\t<\/div>\n\t\t\t\t<\/div>\n\t\t\t\t\t<\/div>\n\t\t<\/div>\n\t\t\t\t\t<\/div>\n\t\t<\/section>\n\t\t\t\t<section class=\"elementor-section elementor-top-section elementor-element elementor-element-4f9daaf8 elementor-section-boxed elementor-section-height-default elementor-section-height-default\" data-id=\"4f9daaf8\" data-element_type=\"section\" data-e-type=\"section\">\n\t\t\t\t\t\t<div class=\"elementor-container elementor-column-gap-default\">\n\t\t\t\t\t<div class=\"elementor-column elementor-col-50 elementor-top-column elementor-element elementor-element-7352cfdf\" data-id=\"7352cfdf\" data-element_type=\"column\" data-e-type=\"column\">\n\t\t\t<div class=\"elementor-widget-wrap elementor-element-populated\">\n\t\t\t\t\t\t<div class=\"elementor-element elementor-element-2f0cc612 elementor-widget elementor-widget-heading\" data-id=\"2f0cc612\" data-element_type=\"widget\" data-e-type=\"widget\" data-widget_type=\"heading.default\">\n\t\t\t\t<div class=\"elementor-widget-container\">\n\t\t\t\t\t<h1 class=\"elementor-heading-title elementor-size-default\">Bau- und Ingenieurbauwerke<\/h1>\t\t\t\t<\/div>\n\t\t\t\t<\/div>\n\t\t\t\t\t<\/div>\n\t\t<\/div>\n\t\t\t\t<div class=\"elementor-column elementor-col-50 elementor-top-column elementor-element elementor-element-63456684\" data-id=\"63456684\" data-element_type=\"column\" data-e-type=\"column\">\n\t\t\t<div class=\"elementor-widget-wrap elementor-element-populated\">\n\t\t\t\t\t\t<div class=\"elementor-element elementor-element-5e9ae8d6 elementor-widget elementor-widget-text-editor\" data-id=\"5e9ae8d6\" data-element_type=\"widget\" data-e-type=\"widget\" data-widget_type=\"text-editor.default\">\n\t\t\t\t<div class=\"elementor-widget-container\">\n\t\t\t\t\t\t\t\t\t<p>Bei K&amp;J Accounting \u00fcbernehmen wir alle erforderlichen Prozesse, die die F\u00fchrung der Buchhaltungsunterlagen und die Verwaltung der L\u00f6hne f\u00fcr Bau- und Ingenieurprojekte betreffen.<\/p>\n\t\t\t\t\t\t\t\t<\/div>\n\t\t\t\t<\/div>\n\t\t\t\t\t<\/div>\n\t\t<\/div>\n\t\t\t\t\t<\/div>\n\t\t<\/section>\n\t\t\t\t<section class=\"elementor-section elementor-top-section elementor-element elementor-element-2e86bcc1 elementor-section-boxed elementor-section-height-default elementor-section-height-default\" data-id=\"2e86bcc1\" data-element_type=\"section\" data-e-type=\"section\">\n\t\t\t\t\t\t<div class=\"elementor-container elementor-column-gap-default\">\n\t\t\t\t\t<div class=\"elementor-column elementor-col-100 elementor-top-column elementor-element elementor-element-4d2de1e2\" data-id=\"4d2de1e2\" data-element_type=\"column\" data-e-type=\"column\">\n\t\t\t<div class=\"elementor-widget-wrap elementor-element-populated\">\n\t\t\t\t\t\t<div class=\"elementor-element elementor-element-7efab0ba elementor-widget elementor-widget-heading\" data-id=\"7efab0ba\" data-element_type=\"widget\" data-e-type=\"widget\" data-widget_type=\"heading.default\">\n\t\t\t\t<div class=\"elementor-widget-container\">\n\t\t\t\t\t<h2 class=\"elementor-heading-title elementor-size-default\">Genauer gesagt:<\/h2>\t\t\t\t<\/div>\n\t\t\t\t<\/div>\n\t\t\t\t<section class=\"elementor-section elementor-inner-section elementor-element elementor-element-4dd4b9d3 elementor-section-boxed elementor-section-height-default elementor-section-height-default\" data-id=\"4dd4b9d3\" data-element_type=\"section\" data-e-type=\"section\">\n\t\t\t\t\t\t<div class=\"elementor-container elementor-column-gap-default\">\n\t\t\t\t\t<div class=\"elementor-column elementor-col-50 elementor-inner-column elementor-element elementor-element-79693822\" data-id=\"79693822\" data-element_type=\"column\" data-e-type=\"column\">\n\t\t\t<div class=\"elementor-widget-wrap elementor-element-populated\">\n\t\t\t\t\t\t<div class=\"elementor-element elementor-element-6ddaa83 elementor-flip-box--effect-fade elementor-widget elementor-widget-flip-box\" data-id=\"6ddaa83\" data-element_type=\"widget\" data-e-type=\"widget\" data-widget_type=\"flip-box.default\">\n\t\t\t\t<div class=\"elementor-widget-container\">\n\t\t\t\t\t\t\t<div class=\"elementor-flip-box\" tabindex=\"0\">\n\t\t\t<div class=\"elementor-flip-box__layer elementor-flip-box__front\">\n\t\t\t\t<div class=\"elementor-flip-box__layer__overlay\">\n\t\t\t\t\t<div class=\"elementor-flip-box__layer__inner\">\n\t\t\t\t\t\t\n\t\t\t\t\t\t\t\t\t\t\t\t\t<h3 class=\"elementor-flip-box__layer__title\">\n\t\t\t\t\t\t\t\tVerwaltung von Unternehmen, die im Bauwesen t\u00e4tig sind, gem\u00e4\u00df den Bestimmungen und Besonderheiten, die sie betreffen.\t\t\t\t\t\t\t<\/h3>\n\t\t\t\t\t\t\n\t\t\t\t\t\t\t\t\t\t\t<\/div>\n\t\t\t\t<\/div>\n\t\t\t<\/div>\n\t\t\t<div class=\"elementor-flip-box__layer elementor-flip-box__back\">\n\t\t\t<div class=\"elementor-flip-box__layer__overlay\">\n\t\t\t\t<div class=\"elementor-flip-box__layer__inner\">\n\t\t\t\t\t\n\t\t\t\t\t\n\t\t\t\t\t\t\t\t<\/div>\n\t\t<\/div>\n\t\t<\/div>\n\t\t<\/div>\n\t\t\t\t\t\t<\/div>\n\t\t\t\t<\/div>\n\t\t\t\t<div class=\"elementor-element elementor-element-a820900 elementor-flip-box--effect-fade elementor-widget elementor-widget-flip-box\" data-id=\"a820900\" data-element_type=\"widget\" data-e-type=\"widget\" data-widget_type=\"flip-box.default\">\n\t\t\t\t<div class=\"elementor-widget-container\">\n\t\t\t\t\t\t\t<div class=\"elementor-flip-box\" tabindex=\"0\">\n\t\t\t<div class=\"elementor-flip-box__layer elementor-flip-box__front\">\n\t\t\t\t<div class=\"elementor-flip-box__layer__overlay\">\n\t\t\t\t\t<div class=\"elementor-flip-box__layer__inner\">\n\t\t\t\t\t\t\n\t\t\t\t\t\t\t\t\t\t\t\t\t<h3 class=\"elementor-flip-box__layer__title\">\n\t\t\t\t\t\t\t\tAntrag auf Mehrwertsteuerbefreiung f\u00fcr das Projekt\t\t\t\t\t\t\t<\/h3>\n\t\t\t\t\t\t\n\t\t\t\t\t\t\t\t\t\t\t<\/div>\n\t\t\t\t<\/div>\n\t\t\t<\/div>\n\t\t\t<div class=\"elementor-flip-box__layer elementor-flip-box__back\">\n\t\t\t<div class=\"elementor-flip-box__layer__overlay\">\n\t\t\t\t<div class=\"elementor-flip-box__layer__inner\">\n\t\t\t\t\t\n\t\t\t\t\t\n\t\t\t\t\t\t\t\t<\/div>\n\t\t<\/div>\n\t\t<\/div>\n\t\t<\/div>\n\t\t\t\t\t\t<\/div>\n\t\t\t\t<\/div>\n\t\t\t\t<div class=\"elementor-element elementor-element-30fdc8f elementor-flip-box--effect-fade elementor-widget elementor-widget-flip-box\" data-id=\"30fdc8f\" data-element_type=\"widget\" data-e-type=\"widget\" data-widget_type=\"flip-box.default\">\n\t\t\t\t<div class=\"elementor-widget-container\">\n\t\t\t\t\t\t\t<div class=\"elementor-flip-box\" tabindex=\"0\">\n\t\t\t<div class=\"elementor-flip-box__layer elementor-flip-box__front\">\n\t\t\t\t<div class=\"elementor-flip-box__layer__overlay\">\n\t\t\t\t\t<div class=\"elementor-flip-box__layer__inner\">\n\t\t\t\t\t\t\n\t\t\t\t\t\t\t\t\t\t\t\t\t<h3 class=\"elementor-flip-box__layer__title\">\n\t\t\t\t\t\t\t\tAbwicklung der Gehaltsabrechnung des Arbeitskr\u00e4ftepotenzials des jeweiligen Projekts\t\t\t\t\t\t\t<\/h3>\n\t\t\t\t\t\t\n\t\t\t\t\t\t\t\t\t\t\t<\/div>\n\t\t\t\t<\/div>\n\t\t\t<\/div>\n\t\t\t<div class=\"elementor-flip-box__layer elementor-flip-box__back\">\n\t\t\t<div class=\"elementor-flip-box__layer__overlay\">\n\t\t\t\t<div class=\"elementor-flip-box__layer__inner\">\n\t\t\t\t\t\n\t\t\t\t\t\n\t\t\t\t\t\t\t\t<\/div>\n\t\t<\/div>\n\t\t<\/div>\n\t\t<\/div>\n\t\t\t\t\t\t<\/div>\n\t\t\t\t<\/div>\n\t\t\t\t<div class=\"elementor-element elementor-element-a35762d elementor-widget__width-initial elementor-fixed elementor-widget elementor-widget-button\" data-id=\"a35762d\" data-element_type=\"widget\" data-e-type=\"widget\" data-settings=\"{&quot;_position&quot;:&quot;fixed&quot;}\" data-widget_type=\"button.default\">\n\t\t\t\t<div class=\"elementor-widget-container\">\n\t\t\t\t\t\t\t\t\t<div class=\"elementor-button-wrapper\">\n\t\t\t\t\t<a class=\"elementor-button elementor-button-link elementor-size-sm\" href=\"#elementor-action%3Aaction%3Dpopup%3Aopen%26settings%3DeyJpZCI6MTIwMywidG9nZ2xlIjpmYWxzZX0%3D\">\n\t\t\t\t\t\t<span class=\"elementor-button-content-wrapper\">\n\t\t\t\t\t\t<span class=\"elementor-button-icon\">\n\t\t\t\t<i aria-hidden=\"true\" class=\"fas fa-envelope\"><\/i>\t\t\t<\/span>\n\t\t\t\t\t\t\t\t<\/span>\n\t\t\t\t\t<\/a>\n\t\t\t\t<\/div>\n\t\t\t\t\t\t\t\t<\/div>\n\t\t\t\t<\/div>\n\t\t\t\t\t<\/div>\n\t\t<\/div>\n\t\t\t\t<div class=\"elementor-column elementor-col-50 elementor-inner-column elementor-element elementor-element-d495566\" data-id=\"d495566\" data-element_type=\"column\" data-e-type=\"column\">\n\t\t\t<div class=\"elementor-widget-wrap elementor-element-populated\">\n\t\t\t\t\t\t<div class=\"elementor-element elementor-element-6be5913 elementor-flip-box--effect-fade elementor-widget elementor-widget-flip-box\" data-id=\"6be5913\" data-element_type=\"widget\" data-e-type=\"widget\" data-widget_type=\"flip-box.default\">\n\t\t\t\t<div class=\"elementor-widget-container\">\n\t\t\t\t\t\t\t<div class=\"elementor-flip-box\" tabindex=\"0\">\n\t\t\t<div class=\"elementor-flip-box__layer elementor-flip-box__front\">\n\t\t\t\t<div class=\"elementor-flip-box__layer__overlay\">\n\t\t\t\t\t<div class=\"elementor-flip-box__layer__inner\">\n\t\t\t\t\t\t\n\t\t\t\t\t\t\t\t\t\t\t\t\t<h3 class=\"elementor-flip-box__layer__title\">\n\t\t\t\t\t\t\t\tBeginn des Projekts bei der jeweiligen Finanzbeh\u00f6rde\t\t\t\t\t\t\t<\/h3>\n\t\t\t\t\t\t\n\t\t\t\t\t\t\t\t\t\t\t<\/div>\n\t\t\t\t<\/div>\n\t\t\t<\/div>\n\t\t\t<div class=\"elementor-flip-box__layer elementor-flip-box__back\">\n\t\t\t<div class=\"elementor-flip-box__layer__overlay\">\n\t\t\t\t<div class=\"elementor-flip-box__layer__inner\">\n\t\t\t\t\t\n\t\t\t\t\t\n\t\t\t\t\t\t\t\t<\/div>\n\t\t<\/div>\n\t\t<\/div>\n\t\t<\/div>\n\t\t\t\t\t\t<\/div>\n\t\t\t\t<\/div>\n\t\t\t\t<div class=\"elementor-element elementor-element-7f38f2f elementor-flip-box--effect-fade elementor-widget elementor-widget-flip-box\" data-id=\"7f38f2f\" data-element_type=\"widget\" data-e-type=\"widget\" data-widget_type=\"flip-box.default\">\n\t\t\t\t<div class=\"elementor-widget-container\">\n\t\t\t\t\t\t\t<div class=\"elementor-flip-box\" tabindex=\"0\">\n\t\t\t<div class=\"elementor-flip-box__layer elementor-flip-box__front\">\n\t\t\t\t<div class=\"elementor-flip-box__layer__overlay\">\n\t\t\t\t\t<div class=\"elementor-flip-box__layer__inner\">\n\t\t\t\t\t\t\n\t\t\t\t\t\t\t\t\t\t\t\t\t<h3 class=\"elementor-flip-box__layer__title\">\n\t\t\t\t\t\t\t\tAusstellung der AMOE beim EFKA\t\t\t\t\t\t\t<\/h3>\n\t\t\t\t\t\t\n\t\t\t\t\t\t\t\t\t\t\t<\/div>\n\t\t\t\t<\/div>\n\t\t\t<\/div>\n\t\t\t<div class=\"elementor-flip-box__layer elementor-flip-box__back\">\n\t\t\t<div class=\"elementor-flip-box__layer__overlay\">\n\t\t\t\t<div class=\"elementor-flip-box__layer__inner\">\n\t\t\t\t\t\n\t\t\t\t\t\n\t\t\t\t\t\t\t\t<\/div>\n\t\t<\/div>\n\t\t<\/div>\n\t\t<\/div>\n\t\t\t\t\t\t<\/div>\n\t\t\t\t<\/div>\n\t\t\t\t\t<\/div>\n\t\t<\/div>\n\t\t\t\t\t<\/div>\n\t\t<\/section>\n\t\t\t\t\t<\/div>\n\t\t<\/div>\n\t\t\t\t\t<\/div>\n\t\t<\/section>\n\t\t\t\t<section class=\"elementor-section elementor-top-section elementor-element elementor-element-17eaac5 elementor-section-boxed elementor-section-height-default elementor-section-height-default\" data-id=\"17eaac5\" data-element_type=\"section\" data-e-type=\"section\">\n\t\t\t\t\t\t<div class=\"elementor-container elementor-column-gap-default\">\n\t\t\t\t\t<div class=\"elementor-column elementor-col-100 elementor-top-column elementor-element elementor-element-3677b99\" data-id=\"3677b99\" data-element_type=\"column\" data-e-type=\"column\">\n\t\t\t<div class=\"elementor-widget-wrap elementor-element-populated\">\n\t\t\t\t\t\t<div class=\"elementor-element elementor-element-e72d5cc elementor-widget__width-initial elementor-fixed elementor-widget elementor-widget-button\" data-id=\"e72d5cc\" data-element_type=\"widget\" data-e-type=\"widget\" data-settings=\"{&quot;_position&quot;:&quot;fixed&quot;}\" data-widget_type=\"button.default\">\n\t\t\t\t<div class=\"elementor-widget-container\">\n\t\t\t\t\t\t\t\t\t<div class=\"elementor-button-wrapper\">\n\t\t\t\t\t<a class=\"elementor-button elementor-button-link elementor-size-sm\" href=\"#elementor-action%3Aaction%3Dpopup%3Aopen%26settings%3DeyJpZCI6MTIwMywidG9nZ2xlIjpmYWxzZX0%3D\">\n\t\t\t\t\t\t<span class=\"elementor-button-content-wrapper\">\n\t\t\t\t\t\t<span class=\"elementor-button-icon\">\n\t\t\t\t<i aria-hidden=\"true\" class=\"fas fa-envelope\"><\/i>\t\t\t<\/span>\n\t\t\t\t\t\t\t\t<\/span>\n\t\t\t\t\t<\/a>\n\t\t\t\t<\/div>\n\t\t\t\t\t\t\t\t<\/div>\n\t\t\t\t<\/div>\n\t\t\t\t\t<\/div>\n\t\t<\/div>\n\t\t\t\t\t<\/div>\n\t\t<\/section>\n\t\t\t\t<\/div>\n\t\t","protected":false},"excerpt":{"rendered":"<p>Buchhaltungsb\u00fcro DIENSTLEISTUNGEN F\u00dcR UNTERNEHMEN Bau- und Ingenieurbauwerke Bei K&amp;J Accounting \u00fcbernehmen wir alle erforderlichen Prozesse, die die F\u00fchrung der Buchhaltungsunterlagen und die Verwaltung der L\u00f6hne f\u00fcr Bau- und Ingenieurprojekte betreffen. Genauer gesagt: Verwaltung von Unternehmen, die im Bauwesen t\u00e4tig sind, gem\u00e4\u00df den Bestimmungen und Besonderheiten, die sie betreffen. Antrag auf Mehrwertsteuerbefreiung f\u00fcr das Projekt Abwicklung [&hellip;]<\/p>\n","protected":false},"author":1,"featured_media":0,"parent":0,"menu_order":0,"comment_status":"closed","ping_status":"closed","template":"elementor_header_footer","meta":{"footnotes":""},"class_list":["post-1245","page","type-page","status-publish","hentry"],"yoast_head":"<!-- This site is optimized with the Yoast SEO plugin v27.2 - https:\/\/yoast.com\/product\/yoast-seo-wordpress\/ -->\n<title>Bau- und Ingenieurbauwerke - \u039b\u03bf\u03b3\u03b9\u03c3\u03c4\u03ae\u03c2 \u0398\u03ad\u03c1\u03bc\u03b7 - \u039b\u03bf\u03b3\u03b9\u03c3\u03c4\u03b9\u03ba\u03cc \u0393\u03c1\u03b1\u03c6\u03b5\u03af\u03bf \u0393\u03c1\u03b7\u03b3\u03bf\u03c1\u03b9\u03ac\u03b4\u03bf\u03c5 \u039a\u03c9\u03bd\u03c3\u03c4\u03b1\u03bd\u03c4\u03af\u03bd\u03b1<\/title>\n<meta name=\"description\" content=\"Bei K&amp;J Accounting \u00fcbernehmen wir alle erforderlichen Prozesse, die die F\u00fchrung der Buchhaltungsunterlagen und die Verwaltung der L\u00f6hne f\u00fcr Bau- und Ingenieurprojekte betreffen.\" \/>\n<meta name=\"robots\" content=\"index, follow, max-snippet:-1, max-image-preview:large, max-video-preview:-1\" \/>\n<link rel=\"canonical\" href=\"https:\/\/logistis-thermi.gr\/oikodomotexnika-erga\/\" \/>\n<meta property=\"og:locale\" content=\"de_DE\" \/>\n<meta property=\"og:type\" content=\"article\" \/>\n<meta property=\"og:title\" content=\"Bau- und Ingenieurbauwerke - \u039b\u03bf\u03b3\u03b9\u03c3\u03c4\u03ae\u03c2 \u0398\u03ad\u03c1\u03bc\u03b7 - \u039b\u03bf\u03b3\u03b9\u03c3\u03c4\u03b9\u03ba\u03cc \u0393\u03c1\u03b1\u03c6\u03b5\u03af\u03bf \u0393\u03c1\u03b7\u03b3\u03bf\u03c1\u03b9\u03ac\u03b4\u03bf\u03c5 \u039a\u03c9\u03bd\u03c3\u03c4\u03b1\u03bd\u03c4\u03af\u03bd\u03b1\" \/>\n<meta property=\"og:description\" content=\"Bei K&amp;J Accounting \u00fcbernehmen wir alle erforderlichen Prozesse, die die F\u00fchrung der Buchhaltungsunterlagen und die Verwaltung der L\u00f6hne f\u00fcr Bau- und Ingenieurprojekte betreffen.\" \/>\n<meta property=\"og:url\" content=\"https:\/\/logistis-thermi.gr\/oikodomotexnika-erga\/\" \/>\n<meta property=\"og:site_name\" content=\"\u039b\u03bf\u03b3\u03b9\u03c3\u03c4\u03ae\u03c2 \u0398\u03ad\u03c1\u03bc\u03b7 - \u039b\u03bf\u03b3\u03b9\u03c3\u03c4\u03b9\u03ba\u03cc \u0393\u03c1\u03b1\u03c6\u03b5\u03af\u03bf \u0393\u03c1\u03b7\u03b3\u03bf\u03c1\u03b9\u03ac\u03b4\u03bf\u03c5 \u039a\u03c9\u03bd\u03c3\u03c4\u03b1\u03bd\u03c4\u03af\u03bd\u03b1\" \/>\n<meta property=\"article:modified_time\" content=\"2025-02-06T11:27:37+00:00\" \/>\n<meta name=\"twitter:card\" content=\"summary_large_image\" \/>\n<script type=\"application\/ld+json\" class=\"yoast-schema-graph\">{\"@context\":\"https:\/\/schema.org\",\"@graph\":[{\"@type\":\"WebPage\",\"@id\":\"https:\/\/logistis-thermi.gr\/oikodomotexnika-erga\/\",\"url\":\"https:\/\/logistis-thermi.gr\/oikodomotexnika-erga\/\",\"name\":\"Bau- und Ingenieurbauwerke - \u039b\u03bf\u03b3\u03b9\u03c3\u03c4\u03ae\u03c2 \u0398\u03ad\u03c1\u03bc\u03b7 - \u039b\u03bf\u03b3\u03b9\u03c3\u03c4\u03b9\u03ba\u03cc \u0393\u03c1\u03b1\u03c6\u03b5\u03af\u03bf \u0393\u03c1\u03b7\u03b3\u03bf\u03c1\u03b9\u03ac\u03b4\u03bf\u03c5 \u039a\u03c9\u03bd\u03c3\u03c4\u03b1\u03bd\u03c4\u03af\u03bd\u03b1\",\"isPartOf\":{\"@id\":\"https:\/\/logistis-thermi.gr\/#website\"},\"datePublished\":\"2022-06-14T13:20:53+00:00\",\"dateModified\":\"2025-02-06T11:27:37+00:00\",\"description\":\"Bei K&J Accounting \u00fcbernehmen wir alle erforderlichen Prozesse, die die F\u00fchrung der Buchhaltungsunterlagen und die Verwaltung der L\u00f6hne f\u00fcr Bau- und Ingenieurprojekte betreffen.\",\"breadcrumb\":{\"@id\":\"https:\/\/logistis-thermi.gr\/oikodomotexnika-erga\/#breadcrumb\"},\"inLanguage\":\"de\",\"potentialAction\":[{\"@type\":\"ReadAction\",\"target\":[\"https:\/\/logistis-thermi.gr\/oikodomotexnika-erga\/\"]}]},{\"@type\":\"BreadcrumbList\",\"@id\":\"https:\/\/logistis-thermi.gr\/oikodomotexnika-erga\/#breadcrumb\",\"itemListElement\":[{\"@type\":\"ListItem\",\"position\":1,\"name\":\"\u0391\u03c1\u03c7\u03b9\u03ba\u03ae\",\"item\":\"https:\/\/logistis-thermi.gr\/de\/\"},{\"@type\":\"ListItem\",\"position\":2,\"name\":\"Bau- und Ingenieurbauwerke\"}]},{\"@type\":\"WebSite\",\"@id\":\"https:\/\/logistis-thermi.gr\/#website\",\"url\":\"https:\/\/logistis-thermi.gr\/\",\"name\":\"\u039b\u03bf\u03b3\u03b9\u03c3\u03c4\u03ae\u03c2 \u0398\u03ad\u03c1\u03bc\u03b7 - \u039b\u03bf\u03b3\u03b9\u03c3\u03c4\u03b9\u03ba\u03cc \u0393\u03c1\u03b1\u03c6\u03b5\u03af\u03bf \u0393\u03c1\u03b7\u03b3\u03bf\u03c1\u03b9\u03ac\u03b4\u03bf\u03c5 \u039a\u03c9\u03bd\u03c3\u03c4\u03b1\u03bd\u03c4\u03af\u03bd\u03b1\",\"description\":\"\u03a6\u03bf\u03c1\u03bf\u03bb\u03bf\u03b3\u03b9\u03ba\u03ad\u03c2 \u0394\u03b7\u03bb\u03ce\u03c3\u03b5\u03b9\u03c2\",\"potentialAction\":[{\"@type\":\"SearchAction\",\"target\":{\"@type\":\"EntryPoint\",\"urlTemplate\":\"https:\/\/logistis-thermi.gr\/?s={search_term_string}\"},\"query-input\":{\"@type\":\"PropertyValueSpecification\",\"valueRequired\":true,\"valueName\":\"search_term_string\"}}],\"inLanguage\":\"de\"}]}<\/script>\n<!-- \/ Yoast SEO plugin. -->","yoast_head_json":{"title":"Bau- und Ingenieurbauwerke - \u039b\u03bf\u03b3\u03b9\u03c3\u03c4\u03ae\u03c2 \u0398\u03ad\u03c1\u03bc\u03b7 - \u039b\u03bf\u03b3\u03b9\u03c3\u03c4\u03b9\u03ba\u03cc \u0393\u03c1\u03b1\u03c6\u03b5\u03af\u03bf \u0393\u03c1\u03b7\u03b3\u03bf\u03c1\u03b9\u03ac\u03b4\u03bf\u03c5 \u039a\u03c9\u03bd\u03c3\u03c4\u03b1\u03bd\u03c4\u03af\u03bd\u03b1","description":"Bei K&J Accounting \u00fcbernehmen wir alle erforderlichen Prozesse, die die F\u00fchrung der Buchhaltungsunterlagen und die Verwaltung der L\u00f6hne f\u00fcr Bau- und Ingenieurprojekte betreffen.","robots":{"index":"index","follow":"follow","max-snippet":"max-snippet:-1","max-image-preview":"max-image-preview:large","max-video-preview":"max-video-preview:-1"},"canonical":"https:\/\/logistis-thermi.gr\/oikodomotexnika-erga\/","og_locale":"de_DE","og_type":"article","og_title":"Bau- und Ingenieurbauwerke - \u039b\u03bf\u03b3\u03b9\u03c3\u03c4\u03ae\u03c2 \u0398\u03ad\u03c1\u03bc\u03b7 - \u039b\u03bf\u03b3\u03b9\u03c3\u03c4\u03b9\u03ba\u03cc \u0393\u03c1\u03b1\u03c6\u03b5\u03af\u03bf \u0393\u03c1\u03b7\u03b3\u03bf\u03c1\u03b9\u03ac\u03b4\u03bf\u03c5 \u039a\u03c9\u03bd\u03c3\u03c4\u03b1\u03bd\u03c4\u03af\u03bd\u03b1","og_description":"Bei K&J Accounting \u00fcbernehmen wir alle erforderlichen Prozesse, die die F\u00fchrung der Buchhaltungsunterlagen und die Verwaltung der L\u00f6hne f\u00fcr Bau- und Ingenieurprojekte betreffen.","og_url":"https:\/\/logistis-thermi.gr\/oikodomotexnika-erga\/","og_site_name":"\u039b\u03bf\u03b3\u03b9\u03c3\u03c4\u03ae\u03c2 \u0398\u03ad\u03c1\u03bc\u03b7 - \u039b\u03bf\u03b3\u03b9\u03c3\u03c4\u03b9\u03ba\u03cc \u0393\u03c1\u03b1\u03c6\u03b5\u03af\u03bf \u0393\u03c1\u03b7\u03b3\u03bf\u03c1\u03b9\u03ac\u03b4\u03bf\u03c5 \u039a\u03c9\u03bd\u03c3\u03c4\u03b1\u03bd\u03c4\u03af\u03bd\u03b1","article_modified_time":"2025-02-06T11:27:37+00:00","twitter_card":"summary_large_image","schema":{"@context":"https:\/\/schema.org","@graph":[{"@type":"WebPage","@id":"https:\/\/logistis-thermi.gr\/oikodomotexnika-erga\/","url":"https:\/\/logistis-thermi.gr\/oikodomotexnika-erga\/","name":"Bau- und Ingenieurbauwerke - \u039b\u03bf\u03b3\u03b9\u03c3\u03c4\u03ae\u03c2 \u0398\u03ad\u03c1\u03bc\u03b7 - \u039b\u03bf\u03b3\u03b9\u03c3\u03c4\u03b9\u03ba\u03cc \u0393\u03c1\u03b1\u03c6\u03b5\u03af\u03bf \u0393\u03c1\u03b7\u03b3\u03bf\u03c1\u03b9\u03ac\u03b4\u03bf\u03c5 \u039a\u03c9\u03bd\u03c3\u03c4\u03b1\u03bd\u03c4\u03af\u03bd\u03b1","isPartOf":{"@id":"https:\/\/logistis-thermi.gr\/#website"},"datePublished":"2022-06-14T13:20:53+00:00","dateModified":"2025-02-06T11:27:37+00:00","description":"Bei K&J Accounting \u00fcbernehmen wir alle erforderlichen Prozesse, die die F\u00fchrung der Buchhaltungsunterlagen und die Verwaltung der L\u00f6hne f\u00fcr Bau- und Ingenieurprojekte betreffen.","breadcrumb":{"@id":"https:\/\/logistis-thermi.gr\/oikodomotexnika-erga\/#breadcrumb"},"inLanguage":"de","potentialAction":[{"@type":"ReadAction","target":["https:\/\/logistis-thermi.gr\/oikodomotexnika-erga\/"]}]},{"@type":"BreadcrumbList","@id":"https:\/\/logistis-thermi.gr\/oikodomotexnika-erga\/#breadcrumb","itemListElement":[{"@type":"ListItem","position":1,"name":"\u0391\u03c1\u03c7\u03b9\u03ba\u03ae","item":"https:\/\/logistis-thermi.gr\/de\/"},{"@type":"ListItem","position":2,"name":"Bau- und Ingenieurbauwerke"}]},{"@type":"WebSite","@id":"https:\/\/logistis-thermi.gr\/#website","url":"https:\/\/logistis-thermi.gr\/","name":"\u039b\u03bf\u03b3\u03b9\u03c3\u03c4\u03ae\u03c2 \u0398\u03ad\u03c1\u03bc\u03b7 - \u039b\u03bf\u03b3\u03b9\u03c3\u03c4\u03b9\u03ba\u03cc \u0393\u03c1\u03b1\u03c6\u03b5\u03af\u03bf \u0393\u03c1\u03b7\u03b3\u03bf\u03c1\u03b9\u03ac\u03b4\u03bf\u03c5 \u039a\u03c9\u03bd\u03c3\u03c4\u03b1\u03bd\u03c4\u03af\u03bd\u03b1","description":"\u03a6\u03bf\u03c1\u03bf\u03bb\u03bf\u03b3\u03b9\u03ba\u03ad\u03c2 \u0394\u03b7\u03bb\u03ce\u03c3\u03b5\u03b9\u03c2","potentialAction":[{"@type":"SearchAction","target":{"@type":"EntryPoint","urlTemplate":"https:\/\/logistis-thermi.gr\/?s={search_term_string}"},"query-input":{"@type":"PropertyValueSpecification","valueRequired":true,"valueName":"search_term_string"}}],"inLanguage":"de"}]}},"_links":{"self":[{"href":"https:\/\/logistis-thermi.gr\/de\/wp-json\/wp\/v2\/pages\/1245","targetHints":{"allow":["GET"]}}],"collection":[{"href":"https:\/\/logistis-thermi.gr\/de\/wp-json\/wp\/v2\/pages"}],"about":[{"href":"https:\/\/logistis-thermi.gr\/de\/wp-json\/wp\/v2\/types\/page"}],"author":[{"embeddable":true,"href":"https:\/\/logistis-thermi.gr\/de\/wp-json\/wp\/v2\/users\/1"}],"replies":[{"embeddable":true,"href":"https:\/\/logistis-thermi.gr\/de\/wp-json\/wp\/v2\/comments?post=1245"}],"version-history":[{"count":1,"href":"https:\/\/logistis-thermi.gr\/de\/wp-json\/wp\/v2\/pages\/1245\/revisions"}],"predecessor-version":[{"id":1246,"href":"https:\/\/logistis-thermi.gr\/de\/wp-json\/wp\/v2\/pages\/1245\/revisions\/1246"}],"wp:attachment":[{"href":"https:\/\/logistis-thermi.gr\/de\/wp-json\/wp\/v2\/media?parent=1245"}],"curies":[{"name":"wp","href":"https:\/\/api.w.org\/{rel}","templated":true}]}}